{"id":100,"date":"2025-02-02T02:59:33","date_gmt":"2025-02-02T01:59:33","guid":{"rendered":"http:\/\/localhost:8888\/comunaproject\/?page_id=100"},"modified":"2025-05-01T19:26:25","modified_gmt":"2025-05-02T01:26:25","slug":"turismo","status":"publish","type":"page","link":"https:\/\/comunaproject.org\/en\/turismo\/","title":{"rendered":"Tourism"},"content":{"rendered":"<div data-elementor-type=\"wp-page\" data-elementor-id=\"100\" class=\"elementor elementor-100\" data-elementor-post-type=\"page\">\n\t\t\t\t<div class=\"elementor-element elementor-element-583a92d5 e-flex e-con-boxed e-con e-parent\" data-id=\"583a92d5\" data-element_type=\"container\" data-settings=\"{&quot;background_background&quot;:&quot;classic&quot;}\">\n\t\t\t\t\t<div class=\"e-con-inner\">\n\t\t\t\t<div class=\"elementor-element elementor-element-226aecd5 elementor-widget elementor-widget-heading\" data-id=\"226aecd5\" data-element_type=\"widget\" data-widget_type=\"heading.default\">\n\t\t\t\t\t<h1 class=\"elementor-heading-title elementor-size-default\">Tourism<\/h1>\t\t\t\t<\/div>\n\t\t\t\t\t<\/div>\n\t\t\t\t<\/div>\n\t\t<div class=\"elementor-element elementor-element-a4738e7 e-flex e-con-boxed e-con e-parent\" data-id=\"a4738e7\" data-element_type=\"container\">\n\t\t\t\t\t<div class=\"e-con-inner\">\n\t\t\t\t<div class=\"elementor-element elementor-element-926c1a9 elementor-widget elementor-widget-elementskit-heading\" data-id=\"926c1a9\" data-element_type=\"widget\" data-widget_type=\"elementskit-heading.default\">\n\t\t\t\t\t<div class=\"ekit-wid-con\" ><div class=\"ekit-heading elementskit-section-title-wraper text_center   ekit_heading_tablet-   ekit_heading_mobile-\"><h2 class=\"ekit-heading--title elementskit-section-title\">CBT - Community-Based Tourism<\/h2><div class=\"ekit_heading_separetor_wraper ekit_heading_elementskit-border-divider ekit-dotted\"><div class=\"elementskit-border-divider ekit-dotted\"><\/div><\/div>\t\t\t\t<div class='ekit-heading__description'>\n\t\t\t\t\t<p>Community Based Tourism<\/p>\n\t\t\t\t<\/div>\n\t\t\t<\/div><\/div>\t\t\t\t<\/div>\n\t\t\t\t\t<\/div>\n\t\t\t\t<\/div>\n\t\t<div class=\"elementor-element elementor-element-7ac2049 e-flex e-con-boxed e-con e-parent\" data-id=\"7ac2049\" data-element_type=\"container\" data-settings=\"{&quot;background_background&quot;:&quot;classic&quot;}\">\n\t\t\t\t\t<div class=\"e-con-inner\">\n\t\t<div class=\"elementor-element elementor-element-0d8da67 e-con-full e-flex e-con e-child\" data-id=\"0d8da67\" data-element_type=\"container\" data-settings=\"{&quot;background_background&quot;:&quot;classic&quot;}\">\n\t\t<div class=\"elementor-element elementor-element-384299d e-con-full e-flex e-con e-child\" data-id=\"384299d\" data-element_type=\"container\">\n\t\t<div class=\"elementor-element elementor-element-3176a7f e-con-full e-flex e-con e-child\" data-id=\"3176a7f\" data-element_type=\"container\">\n\t\t\t\t<div class=\"elementor-element elementor-element-2f27284 elementor-widget elementor-widget-heading\" data-id=\"2f27284\" data-element_type=\"widget\" data-widget_type=\"heading.default\">\n\t\t\t\t\t<h3 class=\"elementor-heading-title elementor-size-default\">Purpose and General Vision<\/h3>\t\t\t\t<\/div>\n\t\t\t\t<div class=\"elementor-element elementor-element-75354ad elementor-widget elementor-widget-text-editor\" data-id=\"75354ad\" data-element_type=\"widget\" data-widget_type=\"text-editor.default\">\n\t\t\t\t\t\t\t\t\t<p><span style=\"font-weight: 400;\">The CBT website will serve as an informational and booking platform for Community-Based Tourism within the Comuna Project. It will showcase available tours, highlight the initiative's purpose, and facilitate direct communication with potential customers.<\/span><\/p><p><span style=\"font-weight: 400;\">CBT by Comuna Project connects travelers from around the world who aim to help with the communities benefiting from our educational and mental health initiatives.<\/span><\/p><p><span style=\"font-weight: 400;\">We promote community-based tourism as a tool for social transformation. Our mission is to offer authentic experiences that create a positive impact based on the values of solidarity, sustainability, and respect for the environment.<\/span><\/p><p><span style=\"font-weight: 400;\">We ensure that our visits contribute to the well-being and development of each local community.<\/span><\/p>\t\t\t\t\t\t\t\t<\/div>\n\t\t\t\t<\/div>\n\t\t\t\t<\/div>\n\t\t\t\t<\/div>\n\t\t<div class=\"elementor-element elementor-element-8762d29 e-con-full e-flex e-con e-child\" data-id=\"8762d29\" data-element_type=\"container\">\n\t\t\t\t<div class=\"elementor-element elementor-element-655e0ab elementor-widget elementor-widget-image\" data-id=\"655e0ab\" data-element_type=\"widget\" data-widget_type=\"image.default\">\n\t\t\t\t\t\t\t\t\t\t\t\t\t\t\t<img fetchpriority=\"high\" decoding=\"async\" width=\"800\" height=\"600\" src=\"https:\/\/comunaproject.org\/wp-content\/uploads\/2025\/03\/yuri-1-1024x768.jpg\" class=\"attachment-large size-large wp-image-3024\" alt=\"CBT Comunaprojects MEdellin\" srcset=\"https:\/\/comunaproject.org\/wp-content\/uploads\/2025\/03\/yuri-1-1024x768.jpg 1024w, https:\/\/comunaproject.org\/wp-content\/uploads\/2025\/03\/yuri-1-600x450.jpg 600w, https:\/\/comunaproject.org\/wp-content\/uploads\/2025\/03\/yuri-1-300x225.jpg 300w, https:\/\/comunaproject.org\/wp-content\/uploads\/2025\/03\/yuri-1-768x576.jpg 768w, https:\/\/comunaproject.org\/wp-content\/uploads\/2025\/03\/yuri-1-1536x1152.jpg 1536w, https:\/\/comunaproject.org\/wp-content\/uploads\/2025\/03\/yuri-1-16x12.jpg 16w, https:\/\/comunaproject.org\/wp-content\/uploads\/2025\/03\/yuri-1.jpg 1600w\" sizes=\"(max-width: 800px) 100vw, 800px\" \/>\t\t\t\t\t\t\t\t\t\t\t\t\t\t\t<\/div>\n\t\t\t\t<\/div>\n\t\t\t\t\t<\/div>\n\t\t\t\t<\/div>\n\t\t<div class=\"elementor-element elementor-element-6a3da2e e-flex e-con-boxed e-con e-parent\" data-id=\"6a3da2e\" data-element_type=\"container\">\n\t\t\t\t\t<div class=\"e-con-inner\">\n\t\t<div class=\"elementor-element elementor-element-133800e e-con-full e-flex e-con e-child\" data-id=\"133800e\" data-element_type=\"container\">\n\t\t\t\t<div class=\"elementor-element elementor-element-f631e7d elementor-widget elementor-widget-elementskit-heading\" data-id=\"f631e7d\" data-element_type=\"widget\" data-widget_type=\"elementskit-heading.default\">\n\t\t\t\t\t<div class=\"ekit-wid-con\" ><div class=\"ekit-heading elementskit-section-title-wraper text_center   ekit_heading_tablet-   ekit_heading_mobile-\"><h2 class=\"ekit-heading--title elementskit-section-title\">Our Tours<\/h2><div class=\"ekit_heading_separetor_wraper ekit_heading_elementskit-border-divider ekit-dotted\"><div class=\"elementskit-border-divider ekit-dotted\"><\/div><\/div><\/div><\/div>\t\t\t\t<\/div>\n\t\t\t\t<\/div>\n\t\t\t\t\t<\/div>\n\t\t\t\t<\/div>\n\t\t<div class=\"elementor-element elementor-element-2625fcd5 e-flex e-con-boxed e-con e-parent\" data-id=\"2625fcd5\" data-element_type=\"container\">\n\t\t\t\t\t<div class=\"e-con-inner\">\n\t\t<div class=\"elementor-element elementor-element-6d97e1ab e-con-full e-flex e-con e-child\" data-id=\"6d97e1ab\" data-element_type=\"container\">\n\t\t<div class=\"elementor-element elementor-element-382589b5 e-con-full e-flex e-con e-child\" data-id=\"382589b5\" data-element_type=\"container\">\n\t\t\t\t<div class=\"elementor-element elementor-element-76e858ab elementor-widget elementor-widget-image\" data-id=\"76e858ab\" data-element_type=\"widget\" data-widget_type=\"image.default\">\n\t\t\t\t\t\t\t\t\t\t\t\t\t\t\t<img decoding=\"async\" width=\"600\" height=\"800\" src=\"https:\/\/comunaproject.org\/wp-content\/uploads\/2025\/02\/SanChristobal-comunaproject.webp\" class=\"attachment-large size-large wp-image-1572\" alt=\"SanChristobal-comunaproject\" srcset=\"https:\/\/comunaproject.org\/wp-content\/uploads\/2025\/02\/SanChristobal-comunaproject.webp 600w, https:\/\/comunaproject.org\/wp-content\/uploads\/2025\/02\/SanChristobal-comunaproject-225x300.webp 225w, https:\/\/comunaproject.org\/wp-content\/uploads\/2025\/02\/SanChristobal-comunaproject-9x12.webp 9w\" sizes=\"(max-width: 600px) 100vw, 600px\" \/>\t\t\t\t\t\t\t\t\t\t\t\t\t\t\t<\/div>\n\t\t\t\t<div class=\"elementor-element elementor-element-3717cbed elementor-widget elementor-widget-heading\" data-id=\"3717cbed\" data-element_type=\"widget\" data-widget_type=\"heading.default\">\n\t\t\t\t\t<h3 class=\"elementor-heading-title elementor-size-default\">San Crist\u00f3bal<\/h3>\t\t\t\t<\/div>\n\t\t\t\t<div class=\"elementor-element elementor-element-52c4f2e elementor-widget elementor-widget-heading\" data-id=\"52c4f2e\" data-element_type=\"widget\" data-widget_type=\"heading.default\">\n\t\t\t\t\t<h3 class=\"elementor-heading-title elementor-size-default\">Ecological and Organic Tourism\n<\/h3>\t\t\t\t<\/div>\n\t\t\t\t<div class=\"elementor-element elementor-element-2df5d322 elementor-widget elementor-widget-text-editor\" data-id=\"2df5d322\" data-element_type=\"widget\" data-widget_type=\"text-editor.default\">\n\t\t\t\t\t\t\t\t\t<p>Ecological tourism routes featuring countryside cooking and tastings of organic products such as coffee, coffee desserts, coffee soap, and fresh vegetables.<\/p>\t\t\t\t\t\t\t\t<\/div>\n\t\t\t\t<div class=\"elementor-element elementor-element-bb79121 elementor-align-center elementor-widget elementor-widget-button\" data-id=\"bb79121\" data-element_type=\"widget\" data-widget_type=\"button.default\">\n\t\t\t\t\t\t\t\t\t\t<a class=\"elementor-button elementor-button-link elementor-size-sm\" href=\"\/en\/comunaproject\/turismo\/san-cristobal\/\">\n\t\t\t\t\t\t<span class=\"elementor-button-content-wrapper\">\n\t\t\t\t\t\t\t\t\t<span class=\"elementor-button-text\">More<\/span>\n\t\t\t\t\t<\/span>\n\t\t\t\t\t<\/a>\n\t\t\t\t\t\t\t\t<\/div>\n\t\t\t\t<\/div>\n\t\t<div class=\"elementor-element elementor-element-3f760b2d e-con-full e-flex e-con e-child\" data-id=\"3f760b2d\" data-element_type=\"container\">\n\t\t\t\t<div class=\"elementor-element elementor-element-3da79939 elementor-widget elementor-widget-image\" data-id=\"3da79939\" data-element_type=\"widget\" data-widget_type=\"image.default\">\n\t\t\t\t\t\t\t\t\t\t\t\t\t\t\t<img decoding=\"async\" width=\"800\" height=\"600\" src=\"https:\/\/comunaproject.org\/wp-content\/uploads\/2025\/02\/comuna13-comunaproject.webp\" class=\"attachment-large size-large wp-image-1576\" alt=\"comuna13-comunaproject\" srcset=\"https:\/\/comunaproject.org\/wp-content\/uploads\/2025\/02\/comuna13-comunaproject.webp 800w, https:\/\/comunaproject.org\/wp-content\/uploads\/2025\/02\/comuna13-comunaproject-600x450.webp 600w, https:\/\/comunaproject.org\/wp-content\/uploads\/2025\/02\/comuna13-comunaproject-300x225.webp 300w, https:\/\/comunaproject.org\/wp-content\/uploads\/2025\/02\/comuna13-comunaproject-768x576.webp 768w, https:\/\/comunaproject.org\/wp-content\/uploads\/2025\/02\/comuna13-comunaproject-16x12.webp 16w\" sizes=\"(max-width: 800px) 100vw, 800px\" \/>\t\t\t\t\t\t\t\t\t\t\t\t\t\t\t<\/div>\n\t\t\t\t<div class=\"elementor-element elementor-element-7fe2c453 elementor-widget elementor-widget-heading\" data-id=\"7fe2c453\" data-element_type=\"widget\" data-widget_type=\"heading.default\">\n\t\t\t\t\t<h3 class=\"elementor-heading-title elementor-size-default\">Comuna 13<\/h3>\t\t\t\t<\/div>\n\t\t\t\t<div class=\"elementor-element elementor-element-5e6b417 elementor-widget elementor-widget-heading\" data-id=\"5e6b417\" data-element_type=\"widget\" data-widget_type=\"heading.default\">\n\t\t\t\t\t<h3 class=\"elementor-heading-title elementor-size-default\">Electric Escalators\n<\/h3>\t\t\t\t<\/div>\n\t\t\t\t<div class=\"elementor-element elementor-element-26154c66 elementor-widget elementor-widget-text-editor\" data-id=\"26154c66\" data-element_type=\"widget\" data-widget_type=\"text-editor.default\">\n\t\t\t\t\t\t\t\t\t<p>The world-famous Comuna 13 of Medell\u00edn <span class=\"coloor\">con sus Escaleras El\u00e9ctricas,<br \/>the Graffiti Tour and the Media Ladera Viaduct<\/span><\/p>\t\t\t\t\t\t\t\t<\/div>\n\t\t\t\t<div class=\"elementor-element elementor-element-b7bc2ee elementor-align-center elementor-widget elementor-widget-button\" data-id=\"b7bc2ee\" data-element_type=\"widget\" data-widget_type=\"button.default\">\n\t\t\t\t\t\t\t\t\t\t<a class=\"elementor-button elementor-button-link elementor-size-sm\" href=\"\/en\/comunaproject\/turismo\/comuna-13\/\">\n\t\t\t\t\t\t<span class=\"elementor-button-content-wrapper\">\n\t\t\t\t\t\t\t\t\t<span class=\"elementor-button-text\">More<\/span>\n\t\t\t\t\t<\/span>\n\t\t\t\t\t<\/a>\n\t\t\t\t\t\t\t\t<\/div>\n\t\t\t\t<\/div>\n\t\t<div class=\"elementor-element elementor-element-40bf7867 e-con-full e-flex e-con e-child\" data-id=\"40bf7867\" data-element_type=\"container\">\n\t\t\t\t<div class=\"elementor-element elementor-element-da94382 elementor-widget elementor-widget-image\" data-id=\"da94382\" data-element_type=\"widget\" data-widget_type=\"image.default\">\n\t\t\t\t\t\t\t\t\t\t\t\t\t\t\t<img loading=\"lazy\" decoding=\"async\" width=\"800\" height=\"600\" src=\"https:\/\/comunaproject.org\/wp-content\/uploads\/2025\/02\/comunaproject-tourismo-1024x768.webp\" class=\"attachment-large size-large wp-image-1581\" alt=\"comunaproject-tourismo\" srcset=\"https:\/\/comunaproject.org\/wp-content\/uploads\/2025\/02\/comunaproject-tourismo-1024x768.webp 1024w, https:\/\/comunaproject.org\/wp-content\/uploads\/2025\/02\/comunaproject-tourismo-600x450.webp 600w, https:\/\/comunaproject.org\/wp-content\/uploads\/2025\/02\/comunaproject-tourismo-300x225.webp 300w, https:\/\/comunaproject.org\/wp-content\/uploads\/2025\/02\/comunaproject-tourismo-768x576.webp 768w, https:\/\/comunaproject.org\/wp-content\/uploads\/2025\/02\/comunaproject-tourismo-1536x1152.webp 1536w, https:\/\/comunaproject.org\/wp-content\/uploads\/2025\/02\/comunaproject-tourismo-16x12.webp 16w, https:\/\/comunaproject.org\/wp-content\/uploads\/2025\/02\/comunaproject-tourismo.webp 1568w\" sizes=\"(max-width: 800px) 100vw, 800px\" \/>\t\t\t\t\t\t\t\t\t\t\t\t\t\t\t<\/div>\n\t\t\t\t<div class=\"elementor-element elementor-element-531f38db elementor-widget elementor-widget-heading\" data-id=\"531f38db\" data-element_type=\"widget\" data-widget_type=\"heading.default\">\n\t\t\t\t\t<h3 class=\"elementor-heading-title elementor-size-default\">Manrique<\/h3>\t\t\t\t<\/div>\n\t\t\t\t<div class=\"elementor-element elementor-element-94ce0c6 elementor-widget elementor-widget-heading\" data-id=\"94ce0c6\" data-element_type=\"widget\" data-widget_type=\"heading.default\">\n\t\t\t\t\t<h3 class=\"elementor-heading-title elementor-size-default\">Macro Mural\n<\/h3>\t\t\t\t<\/div>\n\t\t\t\t<div class=\"elementor-element elementor-element-4234feb9 elementor-widget elementor-widget-text-editor\" data-id=\"4234feb9\" data-element_type=\"widget\" data-widget_type=\"text-editor.default\">\n\t\t\t\t\t\t\t\t\t<p>Una gigantesca intervenci\u00f3n art\u00edstica,<span class=\"coloor\">\u00a0Unique in Medell\u00edn: featuring 500 houses and 30 murals painted by local artists.<\/span><\/p>\t\t\t\t\t\t\t\t<\/div>\n\t\t\t\t<div class=\"elementor-element elementor-element-851ef7c elementor-align-center elementor-widget elementor-widget-button\" data-id=\"851ef7c\" data-element_type=\"widget\" data-widget_type=\"button.default\">\n\t\t\t\t\t\t\t\t\t\t<a class=\"elementor-button elementor-button-link elementor-size-sm\" href=\"#\">\n\t\t\t\t\t\t<span class=\"elementor-button-content-wrapper\">\n\t\t\t\t\t\t\t\t\t<span class=\"elementor-button-text\">More<\/span>\n\t\t\t\t\t<\/span>\n\t\t\t\t\t<\/a>\n\t\t\t\t\t\t\t\t<\/div>\n\t\t\t\t<\/div>\n\t\t\t\t<\/div>\n\t\t\t\t\t<\/div>\n\t\t\t\t<\/div>\n\t\t\t\t<\/div>","protected":false},"excerpt":{"rendered":"<p>Turismo CBT &#8211; Turismo Comunitario Community Based Tourism Prop\u00f3sito y Visi\u00f3n General La p\u00e1gina web de CBT servir\u00e1 como una plataforma informativa y de reservas para el Turismo Comunitario dentro del Comuna Project. Mostrar\u00e1 los tours disponibles, destacar\u00e1 el prop\u00f3sito de la iniciativa y facilitar\u00e1 la comunicaci\u00f3n directa con clientes potenciales. CBT by Comuna Project, [&hellip;]<\/p>","protected":false},"author":1,"featured_media":0,"parent":0,"menu_order":0,"comment_status":"closed","ping_status":"closed","template":"","meta":{"footnotes":""},"class_list":["post-100","page","type-page","status-publish","hentry"],"_links":{"self":[{"href":"https:\/\/comunaproject.org\/en\/wp-json\/wp\/v2\/pages\/100","targetHints":{"allow":["GET"]}}],"collection":[{"href":"https:\/\/comunaproject.org\/en\/wp-json\/wp\/v2\/pages"}],"about":[{"href":"https:\/\/comunaproject.org\/en\/wp-json\/wp\/v2\/types\/page"}],"author":[{"embeddable":true,"href":"https:\/\/comunaproject.org\/en\/wp-json\/wp\/v2\/users\/1"}],"replies":[{"embeddable":true,"href":"https:\/\/comunaproject.org\/en\/wp-json\/wp\/v2\/comments?post=100"}],"version-history":[{"count":10,"href":"https:\/\/comunaproject.org\/en\/wp-json\/wp\/v2\/pages\/100\/revisions"}],"predecessor-version":[{"id":4139,"href":"https:\/\/comunaproject.org\/en\/wp-json\/wp\/v2\/pages\/100\/revisions\/4139"}],"wp:attachment":[{"href":"https:\/\/comunaproject.org\/en\/wp-json\/wp\/v2\/media?parent=100"}],"curies":[{"name":"wp","href":"https:\/\/api.w.org\/{rel}","templated":true}]}}