{"id":2886,"date":"2025-02-15T00:53:30","date_gmt":"2025-02-14T23:53:30","guid":{"rendered":"http:\/\/localhost:8888\/comunaproject\/?page_id=2886"},"modified":"2025-05-13T20:43:09","modified_gmt":"2025-05-14T02:43:09","slug":"donate","status":"publish","type":"page","link":"https:\/\/comunaproject.org\/en\/donate\/","title":{"rendered":"Donate"},"content":{"rendered":"<div data-elementor-type=\"wp-page\" data-elementor-id=\"2886\" class=\"elementor elementor-2886\" data-elementor-post-type=\"page\">\n\t\t\t\t<div class=\"elementor-element elementor-element-5fcf4e9c e-flex e-con-boxed e-con e-parent\" data-id=\"5fcf4e9c\" data-element_type=\"container\" data-settings=\"{&quot;background_background&quot;:&quot;classic&quot;}\">\n\t\t\t\t\t<div class=\"e-con-inner\">\n\t\t\t\t<div class=\"elementor-element elementor-element-43a89f80 elementor-widget elementor-widget-heading\" data-id=\"43a89f80\" data-element_type=\"widget\" data-widget_type=\"heading.default\">\n\t\t\t\t\t<h1 class=\"elementor-heading-title elementor-size-default\">With your help, we achieved<br> great things<\/h1>\t\t\t\t<\/div>\n\t\t\t\t\t<\/div>\n\t\t\t\t<\/div>\n\t\t<div class=\"elementor-element elementor-element-2d90c0bc e-flex e-con-boxed e-con e-parent\" data-id=\"2d90c0bc\" data-element_type=\"container\">\n\t\t\t\t\t<div class=\"e-con-inner\">\n\t\t<div class=\"elementor-element elementor-element-1b0a1f48 e-con-full e-flex e-con e-child\" data-id=\"1b0a1f48\" data-element_type=\"container\">\n\t\t\t\t<div class=\"elementor-element elementor-element-67f23f3e elementor-widget elementor-widget-elementskit-heading\" data-id=\"67f23f3e\" data-element_type=\"widget\" data-widget_type=\"elementskit-heading.default\">\n\t\t\t\t\t<div class=\"ekit-wid-con\" ><div class=\"ekit-heading elementskit-section-title-wraper text_left   ekit_heading_tablet-   ekit_heading_mobile-\"><h2 class=\"ekit-heading--title elementskit-section-title\">Do your part!<\/h2><div class=\"ekit_heading_separetor_wraper ekit_heading_elementskit-border-divider ekit-dotted\"><div class=\"elementskit-border-divider ekit-dotted\"><\/div><\/div><\/div><\/div>\t\t\t\t<\/div>\n\t\t\t\t<div class=\"elementor-element elementor-element-220b6f59 elementor-widget__width-initial elementor-widget-mobile__width-inherit elementor-widget elementor-widget-heading\" data-id=\"220b6f59\" data-element_type=\"widget\" data-widget_type=\"heading.default\">\n\t\t\t\t\t<p class=\"elementor-heading-title elementor-size-default\">We're glad you made it here! If you have any questions, suggestions, or want to learn more about our programs and offers, feel free to reach out through the form. Our team will get back to you as soon as possible. We look forward to your message!<\/p>\t\t\t\t<\/div>\n\t\t\t\t<\/div>\n\t\t<div class=\"elementor-element elementor-element-6517d584 e-con-full e-flex e-con e-child\" data-id=\"6517d584\" data-element_type=\"container\">\n\t\t<div class=\"elementor-element elementor-element-1ecdc4ea e-con-full e-flex e-con e-child\" data-id=\"1ecdc4ea\" data-element_type=\"container\">\n\t\t<div class=\"elementor-element elementor-element-61cf792a e-con-full e-flex e-con e-child\" data-id=\"61cf792a\" data-element_type=\"container\">\n\t\t\t\t<div class=\"elementor-element elementor-element-2a0d3584 elementor-widget elementor-widget-image\" data-id=\"2a0d3584\" data-element_type=\"widget\" data-widget_type=\"image.default\">\n\t\t\t\t\t\t\t\t\t\t\t\t\t\t\t<img fetchpriority=\"high\" decoding=\"async\" width=\"768\" height=\"1024\" src=\"https:\/\/comunaproject.org\/wp-content\/uploads\/2025\/02\/comuna-police-768x1024.jpg\" class=\"attachment-large size-large wp-image-2904\" alt=\"comuna-police\" srcset=\"https:\/\/comunaproject.org\/wp-content\/uploads\/2025\/02\/comuna-police-768x1024.jpg 768w, https:\/\/comunaproject.org\/wp-content\/uploads\/2025\/02\/comuna-police-600x800.jpg 600w, https:\/\/comunaproject.org\/wp-content\/uploads\/2025\/02\/comuna-police-225x300.jpg 225w, https:\/\/comunaproject.org\/wp-content\/uploads\/2025\/02\/comuna-police-9x12.jpg 9w, https:\/\/comunaproject.org\/wp-content\/uploads\/2025\/02\/comuna-police.jpg 960w\" sizes=\"(max-width: 768px) 100vw, 768px\" \/>\t\t\t\t\t\t\t\t\t\t\t\t\t\t\t<\/div>\n\t\t\t\t<\/div>\n\t\t<div class=\"elementor-element elementor-element-d038964 e-con-full e-flex e-con e-child\" data-id=\"d038964\" data-element_type=\"container\">\n\t\t\t\t<div class=\"elementor-element elementor-element-ef7c916 elementor-widget elementor-widget-heading\" data-id=\"ef7c916\" data-element_type=\"widget\" data-widget_type=\"heading.default\">\n\t\t\t\t\t<div class=\"elementor-heading-title elementor-size-default\">FOLLOW US:<\/div>\t\t\t\t<\/div>\n\t\t\t\t<div class=\"elementor-element elementor-element-4fc009f7 elementor-widget elementor-widget-elementskit-social-media\" data-id=\"4fc009f7\" data-element_type=\"widget\" data-widget_type=\"elementskit-social-media.default\">\n\t\t\t\t<div class=\"elementor-widget-container\">\n\t\t\t\t\t<div class=\"ekit-wid-con\" >\t\t\t <ul class=\"ekit_social_media\">\n\t\t\t\t\t\t\t\t\t\t\t\t\t\t<li class=\"elementor-repeater-item-4763f0f\">\n\t\t\t\t\t    <a\n\t\t\t\t\t\thref=\"https:\/\/www.facebook.com\/comunaprojectlab\" aria-label=\"Facebook\" class=\"facebook\" >\n\t\t\t\t\t\t\t\n\t\t\t\t\t\t\t<i aria-hidden=\"true\" class=\"icon icon-facebook\"><\/i>\n                                                                                                            <\/a>\n                    <\/li>\n                    \t\t\t\t\t\t\t\t\t\t\t\t\t\t<li class=\"elementor-repeater-item-85dd8df\">\n\t\t\t\t\t    <a\n\t\t\t\t\t\thref=\"https:\/\/www.instagram.com\/comuna_project?utm_source=ig_web_button_share_sheet&#038;igsh=ZDNlZDc0MzIxNw==\" aria-label=\"Instagram\" class=\"1\" >\n\t\t\t\t\t\t\t\n\t\t\t\t\t\t\t<i aria-hidden=\"true\" class=\"icon icon-instagram-1\"><\/i>\n                                                                                                            <\/a>\n                    <\/li>\n                    \t\t\t\t\t\t\t\t\t\t\t\t\t\t<li class=\"elementor-repeater-item-9921297\">\n\t\t\t\t\t    <a\n\t\t\t\t\t\thref=\"https:\/\/www.linkedin.com\/company\/fundacion-comuna-project\/\" aria-label=\"LinkedIn\" class=\"linkedin\" >\n\t\t\t\t\t\t\t\n\t\t\t\t\t\t\t<i aria-hidden=\"true\" class=\"icon icon-linkedin\"><\/i>\n                                                                                                            <\/a>\n                    <\/li>\n                    \t\t\t\t\t\t\t<\/ul>\n\t\t<\/div>\t\t\t\t<\/div>\n\t\t\t\t<\/div>\n\t\t\t\t<\/div>\n\t\t\t\t<\/div>\n\t\t<div class=\"elementor-element elementor-element-6e8d97b1 e-con-full e-flex e-con e-child\" data-id=\"6e8d97b1\" data-element_type=\"container\">\n\t\t\t\t<div class=\"elementor-element elementor-element-14e8037 elementor-widget elementor-widget-paypal-button\" data-id=\"14e8037\" data-element_type=\"widget\" data-settings=\"{&quot;merchant_account&quot;:&quot;simple&quot;}\" data-widget_type=\"paypal-button.default\">\n\t\t\t\t\t\t\t\t\t\t\t\t<form action=\"https:\/\/www.paypal.com\/cgi-bin\/webscr\" method=\"post\" target=\"_blank\">\n\t\t\t<input type=\"hidden\" name=\"cmd\" value=\"_donations\" \/>\n\t\t\t<input type=\"hidden\" name=\"business\" value=\"https:\/\/www.paypal.com\/ncp\/payment\/2ATJ3MARVRWGG\" \/>\n\t\t\t<input type=\"hidden\" name=\"lc\" value=\"US\" \/>\n\t\t\t<input type=\"hidden\" name=\"item_name\" value=\"\" \/>\n\t\t\t<input type=\"hidden\" name=\"item_number\" value=\"\" \/>\n\t\t\t<input type=\"hidden\" name=\"currency_code\" value=\"USD\" \/>\n\t\t\t<input type=\"hidden\" name=\"amount\" value=\"1\" \/>\n\t\t\t<input type=\"hidden\" name=\"no_note\" value=\"1\">\n\n\t\t\t\t\t<button class=\"elementor-button elementor-size-sm elementor-paypal-legacy elementor-payment-button\" role=\"button\" type=\"submit\">\n\t\t\t\t\t<span class=\"elementor-button-content-wrapper\">\n\t\t\t\t\t\t<span class=\"elementor-button-icon\">\n\t\t\t\t<svg aria-hidden=\"true\" class=\"e-font-icon-svg e-fab-paypal\" viewbox=\"0 0 384 512\" xmlns=\"http:\/\/www.w3.org\/2000\/svg\"><path d=\"M111.4 295.9c-3.5 19.2-17.4 108.7-21.5 134-.3 1.8-1 2.5-3 2.5H12.3c-7.6 0-13.1-6.6-12.1-13.9L58.8 46.6c1.5-9.6 10.1-16.9 20-16.9 152.3 0 165.1-3.7 204 11.4 60.1 23.3 65.6 79.5 44 140.3-21.5 62.6-72.5 89.5-140.1 90.3-43.4.7-69.5-7-75.3 24.2zM357.1 152c-1.8-1.3-2.5-1.8-3 1.3-2 11.4-5.1 22.5-8.8 33.6-39.9 113.8-150.5 103.9-204.5 103.9-6.1 0-10.1 3.3-10.9 9.4-22.6 140.4-27.1 169.7-27.1 169.7-1 7.1 3.5 12.9 10.6 12.9h63.5c8.6 0 15.7-6.3 17.4-14.9.7-5.4-1.1 6.1 14.4-91.3 4.6-22 14.3-19.7 29.3-19.7 71 0 126.4-28.8 142.9-112.3 6.5-34.8 4.6-71.4-23.8-92.6z\"><\/path><\/svg>\t\t\t<\/span>\n\t\t\t\t\t\t\t\t\t<span class=\"elementor-button-text\">Support now<\/span>\n\t\t\t\t\t<\/span>\n\t\t\t\t<\/button>\n\t\t\t\t<\/form>\n\t\t\t\t\t\t\t\t\t\t<\/div>\n\t\t\t\t<\/div>\n\t\t\t\t<\/div>\n\t\t\t\t\t<\/div>\n\t\t\t\t<\/div>\n\t\t<div class=\"elementor-element elementor-element-64fe0d28 e-con-full e-flex e-con e-parent\" data-id=\"64fe0d28\" data-element_type=\"container\">\n\t\t<div class=\"elementor-element elementor-element-e17e99e e-con-full e-flex e-con e-child\" data-id=\"e17e99e\" data-element_type=\"container\">\n\t\t\t\t<div class=\"elementor-element elementor-element-41c6b10b elementor-widget elementor-widget-google_maps\" data-id=\"41c6b10b\" data-element_type=\"widget\" data-widget_type=\"google_maps.default\">\n\t\t\t\t\t\t\t<div class=\"elementor-custom-embed\">\n\t\t\t<iframe loading=\"lazy\"\n\t\t\t\t\tsrc=\"https:\/\/maps.google.com\/maps?q=comuna%2013&#038;t=m&#038;z=17&#038;output=embed&#038;iwloc=near\"\n\t\t\t\t\ttitle=\"comuna 13\"\n\t\t\t\t\taria-label=\"comuna 13\"\n\t\t\t><\/iframe>\n\t\t<\/div>\n\t\t\t\t\t\t<\/div>\n\t\t\t\t<\/div>\n\t\t\t\t<\/div>\n\t\t\t\t<\/div>","protected":false},"excerpt":{"rendered":"<p>Con tu ayuda logramos grandes cosas \u00a1Haz tu parte! \u00a1Nos alegra que hayas llegado hasta aqu\u00ed! Si tienes preguntas, sugerencias o deseas conocer m\u00e1s sobre nuestros programas y ofertas, no dudes en escribirnos a trav\u00e9s del formulario. Nuestro equipo te responder\u00e1 lo antes posible. \u00a1Esperamos tu mensaje! S\u00cdGUENOS: \u00a1Apoya ahora!<\/p>","protected":false},"author":1,"featured_media":0,"parent":0,"menu_order":0,"comment_status":"closed","ping_status":"closed","template":"","meta":{"footnotes":""},"class_list":["post-2886","page","type-page","status-publish","hentry"],"_links":{"self":[{"href":"https:\/\/comunaproject.org\/en\/wp-json\/wp\/v2\/pages\/2886","targetHints":{"allow":["GET"]}}],"collection":[{"href":"https:\/\/comunaproject.org\/en\/wp-json\/wp\/v2\/pages"}],"about":[{"href":"https:\/\/comunaproject.org\/en\/wp-json\/wp\/v2\/types\/page"}],"author":[{"embeddable":true,"href":"https:\/\/comunaproject.org\/en\/wp-json\/wp\/v2\/users\/1"}],"replies":[{"embeddable":true,"href":"https:\/\/comunaproject.org\/en\/wp-json\/wp\/v2\/comments?post=2886"}],"version-history":[{"count":10,"href":"https:\/\/comunaproject.org\/en\/wp-json\/wp\/v2\/pages\/2886\/revisions"}],"predecessor-version":[{"id":4258,"href":"https:\/\/comunaproject.org\/en\/wp-json\/wp\/v2\/pages\/2886\/revisions\/4258"}],"wp:attachment":[{"href":"https:\/\/comunaproject.org\/en\/wp-json\/wp\/v2\/media?parent=2886"}],"curies":[{"name":"wp","href":"https:\/\/api.w.org\/{rel}","templated":true}]}}