{"id":3058,"date":"2025-03-10T02:54:44","date_gmt":"2025-03-10T01:54:44","guid":{"rendered":"http:\/\/localhost:8888\/comunaproject\/?page_id=3058"},"modified":"2026-02-26T12:08:13","modified_gmt":"2026-02-26T19:08:13","slug":"comuna-13","status":"publish","type":"page","link":"https:\/\/comunaproject.org\/en\/turismo\/comuna-13\/","title":{"rendered":"Comuna 13"},"content":{"rendered":"<div data-elementor-type=\"wp-page\" data-elementor-id=\"3058\" class=\"elementor elementor-3058\" data-elementor-post-type=\"page\">\n\t\t\t\t<div class=\"elementor-element elementor-element-583a92d5 e-flex e-con-boxed e-con e-parent\" data-id=\"583a92d5\" data-element_type=\"container\" data-settings=\"{&quot;background_background&quot;:&quot;classic&quot;}\">\n\t\t\t\t\t<div class=\"e-con-inner\">\n\t\t\t\t<div class=\"elementor-element elementor-element-226aecd5 elementor-widget elementor-widget-heading\" data-id=\"226aecd5\" data-element_type=\"widget\" data-widget_type=\"heading.default\">\n\t\t\t\t\t<h1 class=\"elementor-heading-title elementor-size-default\">Comuna 13<\/h1>\t\t\t\t<\/div>\n\t\t\t\t\t<\/div>\n\t\t\t\t<\/div>\n\t\t<div class=\"elementor-element elementor-element-a4738e7 e-flex e-con-boxed e-con e-parent\" data-id=\"a4738e7\" data-element_type=\"container\">\n\t\t\t\t\t<div class=\"e-con-inner\">\n\t\t\t\t<div class=\"elementor-element elementor-element-926c1a9 elementor-widget elementor-widget-elementskit-heading\" data-id=\"926c1a9\" data-element_type=\"widget\" data-widget_type=\"elementskit-heading.default\">\n\t\t\t\t\t<div class=\"ekit-wid-con\" ><div class=\"ekit-heading elementskit-section-title-wraper text_center   ekit_heading_tablet-   ekit_heading_mobile-\"><h2 class=\"ekit-heading--title elementskit-section-title\">Comuna 13<\/h2><div class=\"ekit_heading_separetor_wraper ekit_heading_elementskit-border-divider ekit-dotted\"><div class=\"elementskit-border-divider ekit-dotted\"><\/div><\/div><\/div><\/div>\t\t\t\t<\/div>\n\t\t\t\t\t<\/div>\n\t\t\t\t<\/div>\n\t\t<div class=\"elementor-element elementor-element-7ac2049 e-flex e-con-boxed e-con e-parent\" data-id=\"7ac2049\" data-element_type=\"container\" data-settings=\"{&quot;background_background&quot;:&quot;classic&quot;}\">\n\t\t\t\t\t<div class=\"e-con-inner\">\n\t\t<div class=\"elementor-element elementor-element-0d8da67 e-con-full e-flex e-con e-child\" data-id=\"0d8da67\" data-element_type=\"container\" data-settings=\"{&quot;background_background&quot;:&quot;classic&quot;}\">\n\t\t<div class=\"elementor-element elementor-element-384299d e-con-full e-flex e-con e-child\" data-id=\"384299d\" data-element_type=\"container\">\n\t\t<div class=\"elementor-element elementor-element-3176a7f e-con-full e-flex e-con e-child\" data-id=\"3176a7f\" data-element_type=\"container\">\n\t\t\t\t<div class=\"elementor-element elementor-element-2f27284 elementor-widget elementor-widget-heading\" data-id=\"2f27284\" data-element_type=\"widget\" data-widget_type=\"heading.default\">\n\t\t\t\t\t<h3 class=\"elementor-heading-title elementor-size-default\">Purpose and General Vision<\/h3>\t\t\t\t<\/div>\n\t\t\t\t<div class=\"elementor-element elementor-element-75354ad elementor-widget elementor-widget-text-editor\" data-id=\"75354ad\" data-element_type=\"widget\" data-widget_type=\"text-editor.default\">\n\t\t\t\t\t\t\t\t\t<p><span style=\"font-weight: 400;\">To explore the social and cultural transformation of Colombia's most iconic comuna, along with its famous escalators and the mural and graffiti walk.<\/span><\/p><p><span style=\"font-weight: 400;\">On the Comuna 13 Tour, we showcase our achievements with this incredible community.<\/span><span style=\"font-weight: 400;\"><br \/><\/span><\/p><p><span style=\"font-weight: 400;\">Visitors transform lives and inspire us to continue supporting education and sustainable community-based tourism.<\/span><\/p><p><span style=\"text-decoration: underline;\"><span style=\"font-weight: 400;\">Includes:<\/span><\/span><\/p><ul><li><span style=\"font-weight: 400;\">Neighborhood stories told directly by its protagonists.\u00a0<\/span><\/li><li><span style=\"font-weight: 400;\">Graffiti and murals, with stories shared by the artists themselves.\u00a0<\/span><\/li><li><span style=\"font-weight: 400;\">Organic agriculture in the area with natural fertilizers produced by local residents.\u00a0<\/span><\/li><li><span style=\"font-weight: 400;\">Delicious fruit ice creams made by local families.<\/span><\/li><li><span style=\"font-weight: 400;\">Electric escalators and local businesses.<\/span><\/li><li><span style=\"font-weight: 400;\"><span style=\"font-weight: 400;\">Souvenirs.<\/span><\/span><\/li><\/ul>\t\t\t\t\t\t\t\t<\/div>\n\t\t\t\t<div class=\"elementor-element elementor-element-e8bfeef elementor-widget elementor-widget-text-editor\" data-id=\"e8bfeef\" data-element_type=\"widget\" data-widget_type=\"text-editor.default\">\n\t\t\t\t\t\t\t\t\t<p><strong><span style=\"text-decoration: underline;\">125.000 COPS<\/span><\/strong><\/p>\t\t\t\t\t\t\t\t<\/div>\n\t\t\t\t<\/div>\n\t\t\t\t<\/div>\n\t\t\t\t<\/div>\n\t\t<div class=\"elementor-element elementor-element-8762d29 e-con-full e-flex e-con e-child\" data-id=\"8762d29\" data-element_type=\"container\">\n\t\t\t\t<div class=\"elementor-element elementor-element-655e0ab elementor-widget elementor-widget-image\" data-id=\"655e0ab\" data-element_type=\"widget\" data-widget_type=\"image.default\">\n\t\t\t\t\t\t\t\t\t\t\t\t\t\t\t<img fetchpriority=\"high\" decoding=\"async\" width=\"800\" height=\"600\" src=\"https:\/\/comunaproject.org\/wp-content\/uploads\/2025\/03\/comunaprojects-tur-1024x768.jpg\" class=\"attachment-large size-large wp-image-3017\" alt=\"\" srcset=\"https:\/\/comunaproject.org\/wp-content\/uploads\/2025\/03\/comunaprojects-tur-1024x768.jpg 1024w, https:\/\/comunaproject.org\/wp-content\/uploads\/2025\/03\/comunaprojects-tur-600x450.jpg 600w, https:\/\/comunaproject.org\/wp-content\/uploads\/2025\/03\/comunaprojects-tur-300x225.jpg 300w, https:\/\/comunaproject.org\/wp-content\/uploads\/2025\/03\/comunaprojects-tur-768x576.jpg 768w, https:\/\/comunaproject.org\/wp-content\/uploads\/2025\/03\/comunaprojects-tur-1536x1152.jpg 1536w, https:\/\/comunaproject.org\/wp-content\/uploads\/2025\/03\/comunaprojects-tur-16x12.jpg 16w, https:\/\/comunaproject.org\/wp-content\/uploads\/2025\/03\/comunaprojects-tur.jpg 1600w\" sizes=\"(max-width: 800px) 100vw, 800px\" \/>\t\t\t\t\t\t\t\t\t\t\t\t\t\t\t<\/div>\n\t\t\t\t<\/div>\n\t\t\t\t\t<\/div>\n\t\t\t\t<\/div>\n\t\t<div class=\"elementor-element elementor-element-5016a7b9 e-flex e-con-boxed e-con e-parent\" data-id=\"5016a7b9\" data-element_type=\"container\">\n\t\t\t\t\t<div class=\"e-con-inner\">\n\t\t\t\t<div class=\"elementor-element elementor-element-8e635cb elementor-widget elementor-widget-html\" data-id=\"8e635cb\" data-element_type=\"widget\" data-widget_type=\"html.default\">\n\t\t\t\t\t<style>\n    .airbnb-experience {\n    display: flex;\n    flex-wrap: wrap;\n    background: #fff;\n    border-radius: 10px;\n    overflow: hidden;\n    box-shadow: 0 4px 10px rgba(0, 0, 0, 0.1);\n    max-width: 1100px;\n    margin: 20px auto;\n    align-items: center;\n    gap:50px;\n}\n\n.airbnb-image img {\n    width: 400px;\n    max-height: 300px;\n    object-fit: cover;\n    border-top-left-radius: 10px;\n    border-top-right-radius: 10px;\n}\n\n.airbnb-content {\n    padding: 20px;\n}\n\n.airbnb-content h2 {\n    font-size: 22px;\n    color: #333;\n}\n\n.airbnb-content p {\n    font-size: 16px;\n    color: #666;\n    margin: 10px 0;\n}\n\n.airbnb-btn {\n    display: inline-block;\n    background: #FF5A5F;\n    color: white!important;\n    padding: 12px 20px;\n    font-size: 16px;\n    text-decoration: none;\n    border-radius: 5px;\n    font-weight: bold;\n}\n\n.airbnb-btn:hover {\n    background: #e0484c;\n}\n\n<\/style><div class=\"airbnb-experience\">\n    <div class=\"airbnb-image\">\n        <img decoding=\"async\" src=\"https:\/\/a0.muscache.com\/im\/pictures\/lombard\/MtTemplate-5788962-media_library\/original\/da3afea0-3683-4931-a90b-9ebb2c3666e6.jpeg?im_w=720\" alt=\"Airbnb Experience\">\n    <\/div>\n    <div class=\"airbnb-content\">\n        <h2>Comuna trece m\u00e1s all\u00e1 del Graffiti Tour<\/h2>\n        <p>Experiencia ofrecida por nuestro gu\u00eda. 4  horas. Hablamos ingl\u00e9s y espa\u00f1ol.<\/p>\n        <p><strong>Precio:<\/strong> A partir de 125.000 COP por persona<\/p>\n        <a href=\"https:\/\/www.airbnb.com.co\/experiences\/5788962\" target=\"_blank\" class=\"airbnb-btn\">Reservar ahora<\/a>\n    <\/div>\n<\/div>\n\t\t\t\t<\/div>\n\t\t\t\t<div class=\"elementor-element elementor-element-4799aa0 elementor-widget elementor-widget-html\" data-id=\"4799aa0\" data-element_type=\"widget\" data-widget_type=\"html.default\">\n\t\t\t\t\t<style>\n    .airbnb-wrapper {\n        max-width: 1100px;\n        margin: 20px auto;\n        background: #fff;\n        padding: 15px;\n        border-radius: 10px;\n        box-shadow: 0 4px 10px rgba(0, 0, 0, 0.1);\n    }\n\n    \/* Grid f\u00fcr die Bilder *\/\n    .airbnb-images {\n        display: grid;\n        grid-template-columns: 2fr 1fr;\n        grid-template-rows: auto;\n        gap: 8px;\n        width: 100%;\n    }\n\n    .airbnb-images img {\n        width: 100%;\n        height: 100%;\n        object-fit: cover;\n        border-radius: 5px;\n    }\n\n    \/* Individuelle Bildgr\u00f6\u00dfen f\u00fcr das Mosaik *\/\n    .airbnb-images img:nth-child(1) {\n        grid-row: span 2;\n    }\n\n    .airbnb-images img:nth-child(2) {\n        grid-column: span 1;\n    }\n\n    .airbnb-images img:nth-child(3) {\n        grid-column: span 1;\n    }\n\n    .airbnb-images img:nth-child(4) {\n        grid-column: span 2;\n        height: 570px!important;\n    }\n\n\n\n    \/* Mobile Anpassung *\/\n    @media (max-width: 768px) {\n        .airbnb-images {\n            grid-template-columns: 1fr 1fr;\n        }\n\n        .airbnb-images img {\n            grid-column: span 1;\n            grid-row: span 1;\n        }\n    }\n    \n<\/style>\n\n<div class=\"airbnb-wrapper\">\n    <div class=\"airbnb-images\">\n<img decoding=\"async\" src=\"https:\/\/a0.muscache.com\/im\/pictures\/lombard\/MtTemplate-5788962-media_library\/original\/455908d0-38a4-4db6-a5cc-b9518abcda74.jpeg?im_w=720\"\n     alt=\"Airbnb Experience\"\n     style=\"width: 100%; height: 100%; object-fit: cover; object-position: 50% 80%; overflow: hidden;\">\n\n\n\n        <img decoding=\"async\" src=\"https:\/\/a0.muscache.com\/im\/pictures\/lombard\/MtTemplate-5788962-media_library\/original\/6e442500-30a1-45f4-81ca-4543b5706dbf.jpeg?im_w=720\" alt=\"Airbnb Experience\">\n        <img decoding=\"async\" src=\"https:\/\/a0.muscache.com\/im\/pictures\/lombard\/MtTemplate-5788962-media_library\/original\/a3b98e6d-cc82-4188-9346-5230755502fd.jpeg?im_w=720\" alt=\"Airbnb Experience\"  style=\"width: 100%; height: 100%; object-fit: cover; object-position: 10% 80%; overflow: hidden;\">\n        <img decoding=\"async\" src=\"https:\/\/a0.muscache.com\/im\/pictures\/lombard\/MtTemplate-5788962-media_library\/original\/3efdcd7a-c866-49c5-a722-35140c2f8c22.jpeg?im_w=720\" alt=\"Airbnb Experience\">\n    <\/div>\n<\/div>\n\t\t\t\t<\/div>\n\t\t\t\t<div class=\"elementor-element elementor-element-3485d414 elementor-widget elementor-widget-heading\" data-id=\"3485d414\" data-element_type=\"widget\" data-widget_type=\"heading.default\">\n\t\t\t\t\t<h2 class=\"elementor-heading-title elementor-size-default\">Reserva tu tour de Comuna 13<\/h2>\t\t\t\t<\/div>\n\t\t\t\t<div class=\"elementor-element elementor-element-1bb5f7e7 elementor-widget elementor-widget-shortcode\" data-id=\"1bb5f7e7\" data-element_type=\"widget\" data-widget_type=\"shortcode.default\">\n\t\t\t\t\t\t\t<div class=\"elementor-shortcode\"> <iframe src=\"https:\/\/comunaproject.org\/en\/wp-json\/ssa\/v1\/embed-inner?integration&type=comuna-13-tour&label&types=1&edit&view&payment_provider&ssa_locale=en_US&ssa_is_rtl&sid=914ba7139f6b90fbe182794689d1f2afdedbb646&availability_start_date&availability_end_date&suggest_first_available&suggest_first_available_within_minutes&flow&fallback_flow&time_view&date_view&appointment_types_view&version&accent_color&background&padding&font&booking_url=https%3A%2F%2Fcomunaproject.org%2Fen%2Fturismo%2Fcomuna-13%2F&booking_post_id=3058&booking_title=Comuna+13&_wpnonce=e17afa1cb5&redirect_post_id&mepr_membership_id#\/\" height=\"400px\" width=\"100%\" name=\"ssa_booking\" loading=\"eager\" frameborder=\"0\" data-skip-lazy=\"1\" class=\"ssa_booking_iframe skip-lazy\" title=\"Book a time\"><\/iframe> <\/div>\n\t\t\t\t\t\t<\/div>\n\t\t\t\t\t<\/div>\n\t\t\t\t<\/div>\n\t\t\t\t<\/div>","protected":false},"excerpt":{"rendered":"<p>Comuna 13 Comuna 13 Prop\u00f3sito y Visi\u00f3n General Para conocer la transformaci\u00f3n social y cultural de la comuna m\u00e1s emblem\u00e1tica de Colombia, junto con sus famosas escaleras mec\u00e1nicas y el paseo de murales y grafitis. En el Tour de la comuna 13, te mostramos nuestros logros con esta increible comunidad. Los visitantes transforman vidas y [&hellip;]<\/p>","protected":false},"author":1,"featured_media":0,"parent":100,"menu_order":0,"comment_status":"closed","ping_status":"closed","template":"","meta":{"footnotes":""},"class_list":["post-3058","page","type-page","status-publish","hentry"],"_links":{"self":[{"href":"https:\/\/comunaproject.org\/en\/wp-json\/wp\/v2\/pages\/3058","targetHints":{"allow":["GET"]}}],"collection":[{"href":"https:\/\/comunaproject.org\/en\/wp-json\/wp\/v2\/pages"}],"about":[{"href":"https:\/\/comunaproject.org\/en\/wp-json\/wp\/v2\/types\/page"}],"author":[{"embeddable":true,"href":"https:\/\/comunaproject.org\/en\/wp-json\/wp\/v2\/users\/1"}],"replies":[{"embeddable":true,"href":"https:\/\/comunaproject.org\/en\/wp-json\/wp\/v2\/comments?post=3058"}],"version-history":[{"count":10,"href":"https:\/\/comunaproject.org\/en\/wp-json\/wp\/v2\/pages\/3058\/revisions"}],"predecessor-version":[{"id":4992,"href":"https:\/\/comunaproject.org\/en\/wp-json\/wp\/v2\/pages\/3058\/revisions\/4992"}],"up":[{"embeddable":true,"href":"https:\/\/comunaproject.org\/en\/wp-json\/wp\/v2\/pages\/100"}],"wp:attachment":[{"href":"https:\/\/comunaproject.org\/en\/wp-json\/wp\/v2\/media?parent=3058"}],"curies":[{"name":"wp","href":"https:\/\/api.w.org\/{rel}","templated":true}]}}