{"id":3568,"date":"2025-03-27T02:39:38","date_gmt":"2025-03-27T01:39:38","guid":{"rendered":"http:\/\/localhost:8888\/comunaproject\/?page_id=3568"},"modified":"2026-02-26T08:08:06","modified_gmt":"2026-02-26T15:08:06","slug":"privacy-policy","status":"publish","type":"page","link":"https:\/\/comunaproject.org\/en\/privacy-policy\/","title":{"rendered":"Pol\u00edtica de privacidad"},"content":{"rendered":"<div data-elementor-type=\"wp-page\" data-elementor-id=\"3568\" class=\"elementor elementor-3568\" data-elementor-post-type=\"page\">\n\t\t\t\t<div class=\"elementor-element elementor-element-673d4e23 e-flex e-con-boxed e-con e-parent\" data-id=\"673d4e23\" data-element_type=\"container\" data-settings=\"{&quot;background_background&quot;:&quot;gradient&quot;}\">\n\t\t\t\t\t<div class=\"e-con-inner\">\n\t\t\t\t<div class=\"elementor-element elementor-element-3fa2aada elementor-widget elementor-widget-heading\" data-id=\"3fa2aada\" data-element_type=\"widget\" data-widget_type=\"heading.default\">\n\t\t\t\t\t<h1 class=\"elementor-heading-title elementor-size-default\">Privacy Policy<\/h1>\t\t\t\t<\/div>\n\t\t\t\t\t<\/div>\n\t\t\t\t<\/div>\n\t\t<div class=\"elementor-element elementor-element-2c860dad e-flex e-con-boxed e-con e-parent\" data-id=\"2c860dad\" data-element_type=\"container\">\n\t\t\t\t\t<div class=\"e-con-inner\">\n\t\t<div class=\"elementor-element elementor-element-38ca1bac e-con-full e-flex e-con e-child\" data-id=\"38ca1bac\" data-element_type=\"container\">\n\t\t\t\t<div class=\"elementor-element elementor-element-793f4016 elementor-widget elementor-widget-spacer\" data-id=\"793f4016\" data-element_type=\"widget\" data-widget_type=\"spacer.default\">\n\t\t\t\t\t\t\t<div class=\"elementor-spacer\">\n\t\t\t<div class=\"elementor-spacer-inner\"><\/div>\n\t\t<\/div>\n\t\t\t\t\t\t<\/div>\n\t\t\t\t<div class=\"elementor-element elementor-element-0cb39b3 elementor-widget elementor-widget-text-editor\" data-id=\"0cb39b3\" data-element_type=\"widget\" data-widget_type=\"text-editor.default\">\n\t\t\t\t\t\t\t\t\t<h3 class=\"\" data-start=\"697\" data-end=\"727\"><strong data-start=\"701\" data-end=\"727\">Privacy Policy<\/strong><\/h3><p class=\"\" data-start=\"729\" data-end=\"1130\"><strong data-start=\"729\" data-end=\"748\">Introduction<\/strong><br data-start=\"748\" data-end=\"751\" \/>At <strong data-start=\"754\" data-end=\"773\">Comuna Projects<\/strong>based in Medell\u00edn, Colombia, we are committed to protecting your personal data and respecting your privacy. This Privacy Policy explains how we collect, use, and protect your information when you interact with our website <strong data-start=\"1015\" data-end=\"1041\"><a class=\"\" href=\"http:\/\/www.comunaprojects.org\" target=\"_new\" rel=\"noopener\" data-start=\"1017\" data-end=\"1039\">www.comunaprojects.org<\/a><\/strong>, especialmente si realizas una donaci\u00f3n, te suscribes a nuestro bolet\u00edn o nos contactas.<\/p><p class=\"\" data-start=\"1132\" data-end=\"1224\"><strong data-start=\"1132\" data-end=\"1160\">2. Data We Collect<\/strong><br data-start=\"1160\" data-end=\"1163\" \/>We may collect and process the following personal data:<\/p><ul data-start=\"1225\" data-end=\"1508\"><li class=\"\" data-start=\"1225\" data-end=\"1235\"><p class=\"\" data-start=\"1227\" data-end=\"1235\">Name<\/p><\/li><li class=\"\" data-start=\"1236\" data-end=\"1271\"><p class=\"\" data-start=\"1238\" data-end=\"1271\">Email address<\/p><\/li><li class=\"\" data-start=\"1272\" data-end=\"1280\"><p class=\"\" data-start=\"1274\" data-end=\"1280\">Country<\/p><\/li><li class=\"\" data-start=\"1281\" data-end=\"1329\"><p class=\"\" data-start=\"1283\" data-end=\"1329\">Donation amount and transaction number<\/p><\/li><li class=\"\" data-start=\"1330\" data-end=\"1424\"><p class=\"\" data-start=\"1332\" data-end=\"1424\">Technical data (e.g., IP address, browser type, device information)<\/p><\/li><li class=\"\" data-start=\"1425\" data-end=\"1508\"><p class=\"\" data-start=\"1427\" data-end=\"1508\">Preferences and communication history (e.g., newsletter interaction)<\/p><\/li><\/ul><p class=\"\" data-start=\"1510\" data-end=\"1599\"><strong data-start=\"1510\" data-end=\"1538\">3. How We Use Your Data<\/strong><br data-start=\"1538\" data-end=\"1541\" \/>We use your personal data for the following purposes:<\/p><ul data-start=\"1600\" data-end=\"1919\"><li class=\"\" data-start=\"1600\" data-end=\"1635\"><p class=\"\" data-start=\"1602\" data-end=\"1635\">To process and confirm donations<\/p><\/li><li class=\"\" data-start=\"1636\" data-end=\"1690\"><p class=\"\" data-start=\"1638\" data-end=\"1690\">To send receipts and project reports<\/p><\/li><li class=\"\" data-start=\"1691\" data-end=\"1727\"><p class=\"\" data-start=\"1693\" data-end=\"1727\">To respond to inquiries and messages<\/p><\/li><li class=\"\" data-start=\"1728\" data-end=\"1803\"><p class=\"\" data-start=\"1730\" data-end=\"1803\">To send newsletters and campaign information (only with your consent)<\/p><\/li><li class=\"\" data-start=\"1804\" data-end=\"1855\"><p class=\"\" data-start=\"1806\" data-end=\"1855\">To analyze traffic and improve our website<\/p><\/li><li class=\"\" data-start=\"1856\" data-end=\"1919\"><p class=\"\" data-start=\"1858\" data-end=\"1919\">To display embedded content (e.g., YouTube videos)<\/p><\/li><\/ul><p class=\"\" data-start=\"1921\" data-end=\"2118\"><strong data-start=\"1921\" data-end=\"1971\">4. Legal Basis for Data Processing<\/strong><br data-start=\"1971\" data-end=\"1974\" \/>According to the EU General Data Protection Regulation (GDPR), we process your personal data based on the following legal grounds:<\/p><ul data-start=\"2119\" data-end=\"2343\"><li class=\"\" data-start=\"2119\" data-end=\"2205\"><p class=\"\" data-start=\"2121\" data-end=\"2205\"><strong data-start=\"2121\" data-end=\"2139\">Consent<\/strong> (e.g., newsletter subscription, cookie preferences)<\/p><\/li><li class=\"\" data-start=\"2206\" data-end=\"2278\"><p class=\"\" data-start=\"2208\" data-end=\"2278\"><strong data-start=\"2208\" data-end=\"2233\">Contractual necessity<\/strong> (e.g., donation processing)<\/p><\/li><li class=\"\" data-start=\"2279\" data-end=\"2343\"><p class=\"\" data-start=\"2281\" data-end=\"2343\"><strong data-start=\"2281\" data-end=\"2301\">Legitimate interest<\/strong> (e.g., improving our services)<\/p><\/li><\/ul><p class=\"\" data-start=\"2345\" data-end=\"2459\"><strong data-start=\"2345\" data-end=\"2373\">5. Third-Party Service<\/strong><br data-start=\"2373\" data-end=\"2376\" \/>We work with the following third-party providers to offer our services:<\/p><ul data-start=\"2461\" data-end=\"2810\"><li class=\"\" data-start=\"2461\" data-end=\"2583\"><p class=\"\" data-start=\"2463\" data-end=\"2583\"><strong data-start=\"2463\" data-end=\"2490\">Payment Processing:<\/strong><br data-start=\"2490\" data-end=\"2493\" \/>Stripe (Stripe Payments Europe, Ltd.)<br data-start=\"2532\" data-end=\"2535\" \/>PayPal (PayPal Europe S.\u00e0 r.l. et Cie, S.C.A.)<\/p><\/li><li class=\"\" data-start=\"2585\" data-end=\"2671\"><p class=\"\" data-start=\"2587\" data-end=\"2671\"><strong data-start=\"2587\" data-end=\"2618\">Communication and Newsletters:<\/strong><br data-start=\"2618\" data-end=\"2621\" \/>Mailchimp (The Rocket Science Group LLC, USA)<\/p><\/li><li class=\"\" data-start=\"2673\" data-end=\"2744\"><p class=\"\" data-start=\"2675\" data-end=\"2744\"><strong data-start=\"2675\" data-end=\"2698\">Analytics and Cookies:<\/strong><br data-start=\"2698\" data-end=\"2701\" \/>Google Analytics (Google Ireland Limited)<\/p><\/li><li class=\"\" data-start=\"2746\" data-end=\"2810\"><p class=\"\" data-start=\"2748\" data-end=\"2810\"><strong data-start=\"2748\" data-end=\"2773\">Embedded Content:<\/strong><br data-start=\"2773\" data-end=\"2776\" \/>YouTube (Google Ireland Limited)<\/p><\/li><\/ul><p class=\"\" data-start=\"2812\" data-end=\"3011\">These providers may process your data outside the EU (e.g., in the USA). We ensure appropriate safeguards are in place, such as Standard Contractual Clauses (SCCs), where applicable.<\/p><p class=\"\" data-start=\"3013\" data-end=\"3347\"><strong data-start=\"3013\" data-end=\"3027\">6. Cookies<\/strong><br data-start=\"3027\" data-end=\"3030\" \/>We use cookies and similar technologies to enhance user experience, analyze site traffic, and deliver relevant content.<br data-start=\"3174\" data-end=\"3177\" \/>You can manage your preferences at any time via the cookie banner.\nBy default, non-essential cookies are not activated without your explicit consent.<br data-start=\"3263\" data-end=\"3266\" \/>Por defecto, no se activan cookies no esenciales sin tu consentimiento expl\u00edcito.<\/p><p class=\"\" data-start=\"3349\" data-end=\"3608\"><strong data-start=\"3349\" data-end=\"3381\">7. Data Retention<\/strong><br data-start=\"3381\" data-end=\"3384\" \/>We retain your personal data only for as long as necessary to fulfill the purposes outlined in this policy or as required by law (e.g., tax obligations related to donations).<\/p><p class=\"\" data-start=\"3610\" data-end=\"3709\"><strong data-start=\"3610\" data-end=\"3643\">8. Your Rights under the GDPR<\/strong><br data-start=\"3643\" data-end=\"3646\" \/>If you reside in the European Union, you have the following rights:<\/p><ul data-start=\"3710\" data-end=\"3954\"><li class=\"\" data-start=\"3710\" data-end=\"3733\"><p class=\"\" data-start=\"3712\" data-end=\"3733\">Access your data<\/p><\/li><li class=\"\" data-start=\"3734\" data-end=\"3766\"><p class=\"\" data-start=\"3736\" data-end=\"3766\">Correct inaccurate data<\/p><\/li><li class=\"\" data-start=\"3767\" data-end=\"3808\"><p class=\"\" data-start=\"3769\" data-end=\"3808\">Request deletion of your data<\/p><\/li><li class=\"\" data-start=\"3809\" data-end=\"3862\"><p class=\"\" data-start=\"3811\" data-end=\"3862\">Restrict or object to data processing<\/p><\/li><li class=\"\" data-start=\"3863\" data-end=\"3913\"><p class=\"\" data-start=\"3865\" data-end=\"3913\">Withdraw your consent at any time<\/p><\/li><li class=\"\" data-start=\"3914\" data-end=\"3954\"><p class=\"\" data-start=\"3916\" data-end=\"3954\">Request data portability<\/p><\/li><\/ul><p class=\"\" data-start=\"3956\" data-end=\"4031\">To exercise these rights, contact us at: <strong data-start=\"4001\" data-end=\"4031\"><a class=\"cursor-pointer\" rel=\"noopener\" data-start=\"4003\" data-end=\"4029\">hablemos@comunaproject.org<\/a><\/strong><\/p><p class=\"\" data-start=\"4033\" data-end=\"4318\"><strong data-start=\"4033\" data-end=\"4048\">9. Contact:<\/strong><br data-start=\"4048\" data-end=\"4051\" \/>If you have questions about this policy or your personal data, you can contact us:<br data-start=\"4141\" data-end=\"4144\" \/><strong data-start=\"4144\" data-end=\"4163\">Comuna Projects<\/strong><br data-start=\"4163\" data-end=\"4166\" \/>Carrera 111e calle 38c -47 interior 102<br data-start=\"4205\" data-end=\"4208\" \/>Barrio Las Independencias, Comuna 13<br data-start=\"4244\" data-end=\"4247\" \/>Medell\u00edn, Colombia<br data-start=\"4265\" data-end=\"4268\" \/>Email <strong data-start=\"4288\" data-end=\"4318\"><a class=\"cursor-pointer\" rel=\"noopener\" data-start=\"4290\" data-end=\"4316\">hablemos@comunaproject.org<\/a><\/strong><\/p><p class=\"\" data-start=\"4320\" data-end=\"4518\"><strong data-start=\"4320\" data-end=\"4343\">10. Updates<\/strong><br data-start=\"4343\" data-end=\"4346\" \/>We may occasionally update this Privacy Policy to reflect changes in regulations or our services.<br data-start=\"4470\" data-end=\"4473\" \/><strong data-start=\"4473\" data-end=\"4518\">Last update: March 26, 2025<\/strong><\/p>\t\t\t\t\t\t\t\t<\/div>\n\t\t\t\t<div class=\"elementor-element elementor-element-1b4aab9 elementor-widget elementor-widget-spacer\" data-id=\"1b4aab9\" data-element_type=\"widget\" data-widget_type=\"spacer.default\">\n\t\t\t\t\t\t\t<div class=\"elementor-spacer\">\n\t\t\t<div class=\"elementor-spacer-inner\"><\/div>\n\t\t<\/div>\n\t\t\t\t\t\t<\/div>\n\t\t\t\t<\/div>\n\t\t\t\t\t<\/div>\n\t\t\t\t<\/div>\n\t\t<div class=\"elementor-element elementor-element-34895cc e-flex e-con-boxed e-con e-parent\" data-id=\"34895cc\" data-element_type=\"container\">\n\t\t\t\t\t<div class=\"e-con-inner\">\n\t\t\t\t\t<\/div>\n\t\t\t\t<\/div>\n\t\t\t\t<\/div>","protected":false},"excerpt":{"rendered":"<p>Pol\u00edtica de Privacidad Pol\u00edtica de Privacidad 1. Introducci\u00f3nEn Comuna Projects, con sede en Medell\u00edn, Colombia, nos comprometemos a proteger tus datos personales y a respetar tu privacidad. Esta Pol\u00edtica de Privacidad explica c\u00f3mo recopilamos, usamos y protegemos tu informaci\u00f3n cuando interact\u00faas con nuestro sitio web www.comunaprojects.org, especialmente si realizas una donaci\u00f3n, te suscribes a nuestro [&hellip;]<\/p>","protected":false},"author":1,"featured_media":0,"parent":0,"menu_order":0,"comment_status":"closed","ping_status":"closed","template":"","meta":{"footnotes":""},"class_list":["post-3568","page","type-page","status-publish","hentry"],"_links":{"self":[{"href":"https:\/\/comunaproject.org\/en\/wp-json\/wp\/v2\/pages\/3568","targetHints":{"allow":["GET"]}}],"collection":[{"href":"https:\/\/comunaproject.org\/en\/wp-json\/wp\/v2\/pages"}],"about":[{"href":"https:\/\/comunaproject.org\/en\/wp-json\/wp\/v2\/types\/page"}],"author":[{"embeddable":true,"href":"https:\/\/comunaproject.org\/en\/wp-json\/wp\/v2\/users\/1"}],"replies":[{"embeddable":true,"href":"https:\/\/comunaproject.org\/en\/wp-json\/wp\/v2\/comments?post=3568"}],"version-history":[{"count":10,"href":"https:\/\/comunaproject.org\/en\/wp-json\/wp\/v2\/pages\/3568\/revisions"}],"predecessor-version":[{"id":4973,"href":"https:\/\/comunaproject.org\/en\/wp-json\/wp\/v2\/pages\/3568\/revisions\/4973"}],"wp:attachment":[{"href":"https:\/\/comunaproject.org\/en\/wp-json\/wp\/v2\/media?parent=3568"}],"curies":[{"name":"wp","href":"https:\/\/api.w.org\/{rel}","templated":true}]}}